{"id":232,"date":"2026-01-28T22:07:05","date_gmt":"2026-01-28T22:07:05","guid":{"rendered":"http:\/\/f-ire.com\/barak\/?page_id=232"},"modified":"2026-01-31T12:38:19","modified_gmt":"2026-01-31T12:38:19","slug":"recordings","status":"publish","type":"page","link":"http:\/\/f-ire.com\/barak\/?page_id=232","title":{"rendered":"RECORDINGS"},"content":{"rendered":"\n<p class=\"has-text-align-left\"><strong>as leader<\/strong><br><a href=\"https:\/\/f-ire.bandcamp.com\/album\/when-worlds-collide\">When Worlds Collide<\/a> &#8211; Timeline (F-IRECD99) 2019<br><a href=\"https:\/\/f-ire.bandcamp.com\/album\/love-mind\">Love Mind<\/a> &#8211; Appolonie (F-IRECD101) 2019<br>+ 2 singles Behave (2022), Stranger (2022)<br><a href=\"https:\/\/f-ire.bandcamp.com\/album\/freewheelin\">Freewheelin<\/a> &#8211; Braceman and the Chainset (F-IRECD98) 2019<br><a href=\"https:\/\/f-ire.bandcamp.com\/album\/rhythms-of-the-city-10\">Rhythms of the City + 10<\/a> &#8211; Rhythms of the City (F-IRECD97) 2019<br><a href=\"https:\/\/www.instagram.com\/direct\/t\/120075832712458\/\">Rhythms of the City<\/a> &#8211; Rhythms of the City (F-IRECD26) 2008<br><a href=\"https:\/\/f-ire.bandcamp.com\/album\/m-ta-m-ta\">Meta Meta<\/a> &#8211; Timeline (F-IRECD17) 2007<br><a href=\"https:\/\/f-ire.bandcamp.com\/album\/know-hope\">Know Hope<\/a> &#8211; Timeline (F-IRECD01) 2002<br><br>audio tasters of the above at the bottom of my <a href=\"https:\/\/www.instagram.com\/schmeinstein\/\">instagram<\/a> profile<br><br><strong>as sideman<\/strong><br>Mosaico &#8211; Francesca Confortini \/ Ryan Mackenzie 2026<br>Djesse vol 4 &#8211; Jacob Collier (Hajanga) 2024<br>Djesse vol 1 &#8211; Jacob Collier (Hajanga) 2018<br><a href=\"http:\/\/f-ire.com\/label\/f-irecd69.html\">La Jeunesse<\/a> &#8211; Ji\u0159\u00ed Slav\u00edk (F-IRECD69) 2014<br>Between Shadows &#8211; Reuben Fowler (Edition) 2013<br>Special Edition &#8211; Friendly Fires (XL) 2009<br><a href=\"http:\/\/f-ire.com\/label\/f-irecd05.html\">Trust <\/a>&#8211; Robert Mitchell&#8217;s Panacea (F-IRECD05) 2004 <br>Ahom Breath &#8211; Nana Tsiboe (Tuntumi) 2002<br>Voyager &#8211; Robert Mitchell&#8217;s Panacea (Dune) 2001<br>Winter&#8217;s Truce (and Homes Blaze) &#8211; Django Bates (JMT) 1995<br>Summer Fruits (and Unrest) &#8211; Django Bates (JMT) 1993<\/p>\n\n\n\n<p class=\"has-text-align-left\"><strong>as composer<\/strong><br>Transmission &#8211; Piano Circus (Piano Circus) 2001<br>Loopholes &#8211; Piano Circus (Argo) 1994<br><br><strong>as compiler<br><\/strong><a href=\"https:\/\/f-ire.bandcamp.com\/album\/f-ire-works-vol-2\">F-IRE Works vol. 2<\/a> &#8211; various (F-IRECD09) 2005<br><a href=\"https:\/\/f-ire.bandcamp.com\/album\/f-ire-works-vol-1\">F-IRE: Works vol. 1<\/a> &#8211; various (F-IRECD02) 2004<br><\/p>\n\n\n\n<p class=\"has-text-align-left\"><\/p>\n","protected":false},"excerpt":{"rendered":"<p>as leaderWhen Worlds Collide &#8211; Timeline (F-IRECD99) 2019Love Mind &#8211; Appolonie (F-IRECD101) 2019+ 2 singles Behave (2022), Stranger (2022)Freewheelin &#8211; Braceman and the Chainset (F-IRECD98) 2019Rhythms of the City + 10 &#8211; Rhythms of the City (F-IRECD97) 2019Rhythms of the &hellip; <a href=\"http:\/\/f-ire.com\/barak\/?page_id=232\">Continue reading <span class=\"meta-nav\">&rarr;<\/span><\/a><\/p>\n","protected":false},"author":1,"featured_media":0,"parent":0,"menu_order":0,"comment_status":"closed","ping_status":"closed","template":"","meta":{"footnotes":""},"class_list":["post-232","page","type-page","status-publish","hentry"],"_links":{"self":[{"href":"http:\/\/f-ire.com\/barak\/index.php?rest_route=\/wp\/v2\/pages\/232","targetHints":{"allow":["GET"]}}],"collection":[{"href":"http:\/\/f-ire.com\/barak\/index.php?rest_route=\/wp\/v2\/pages"}],"about":[{"href":"http:\/\/f-ire.com\/barak\/index.php?rest_route=\/wp\/v2\/types\/page"}],"author":[{"embeddable":true,"href":"http:\/\/f-ire.com\/barak\/index.php?rest_route=\/wp\/v2\/users\/1"}],"replies":[{"embeddable":true,"href":"http:\/\/f-ire.com\/barak\/index.php?rest_route=%2Fwp%2Fv2%2Fcomments&post=232"}],"version-history":[{"count":17,"href":"http:\/\/f-ire.com\/barak\/index.php?rest_route=\/wp\/v2\/pages\/232\/revisions"}],"predecessor-version":[{"id":267,"href":"http:\/\/f-ire.com\/barak\/index.php?rest_route=\/wp\/v2\/pages\/232\/revisions\/267"}],"wp:attachment":[{"href":"http:\/\/f-ire.com\/barak\/index.php?rest_route=%2Fwp%2Fv2%2Fmedia&parent=232"}],"curies":[{"name":"wp","href":"https:\/\/api.w.org\/{rel}","templated":true}]}}